{"id":41,"date":"2018-02-12T19:15:55","date_gmt":"2018-02-12T19:15:55","guid":{"rendered":"http:\/\/bam.bthstudent.se\/?page_id=41"},"modified":"2026-03-11T11:34:10","modified_gmt":"2026-03-11T11:34:10","slug":"socialt","status":"publish","type":"page","link":"https:\/\/bam.bthstudent.se\/en\/socialt\/","title":{"rendered":"Social"},"content":{"rendered":"<div data-elementor-type=\"wp-page\" data-elementor-id=\"41\" class=\"elementor elementor-41\">\n\t\t\t\t\t\t<section class=\"elementor-section elementor-top-section elementor-element elementor-element-65f86e14 elementor-section-boxed elementor-section-height-default elementor-section-height-default\" data-id=\"65f86e14\" data-element_type=\"section\" data-e-type=\"section\">\n\t\t\t\t\t\t<div class=\"elementor-container elementor-column-gap-default\">\n\t\t\t\t\t<div class=\"elementor-column elementor-col-100 elementor-top-column elementor-element elementor-element-203ed595\" data-id=\"203ed595\" data-element_type=\"column\" data-e-type=\"column\">\n\t\t\t<div class=\"elementor-widget-wrap elementor-element-populated\">\n\t\t\t\t\t\t<div class=\"elementor-element elementor-element-715431da elementor-widget elementor-widget-text-editor\" data-id=\"715431da\" data-element_type=\"widget\" data-e-type=\"widget\" data-widget_type=\"text-editor.default\">\n\t\t\t\t<div class=\"elementor-widget-container\">\n\t\t\t\t\t\t\t\t\t<h2>Student lounge<\/h2><p><span style=\"font-weight: 400;\">Every year, a student lounge is organized where you as a student can gather your strength. Whether you want to read up on the company you plan to visit next or relax and hang out with your friends, the student lounge is here for you.<\/span><\/p><p>But what would a student lounge be without snacks and drinks? Should it happen that you feel like a snack or need a refill of coffee, the student lounge offers free snacks and drinks to all students! <strong>gratis<\/strong> snacks och dryck till alla studenter!<\/p><h2>Lunch<\/h2><p>Det finns m\u00f6jlighet att k\u00f6pa lunch i Brinova Arena. Restaurangen finns p\u00e5 v\u00e5ning 2 i arenan.<\/p><h2>After BAM!<\/h2><p>Efter BAM kommer det \u00f6ppnas upp f\u00f6r mingel mellan studenter och f\u00f6retag. Ta chansen och mingla med de f\u00f6retag som du tyckt varit extra intressanta, kanske du f\u00e5r chansen att l\u00e4ra k\u00e4nna din framtida arbetsgivare. Med After BAM kan du ta ytterligare ett steg n\u00e4rmare din dr\u00f6mkarri\u00e4r!<\/p><p>After BAM kommer i \u00e5r att h\u00e5llas p\u00e5 Blekinge studentk\u00e5rs egna studentpub Villan! Alla f\u00f6retag och studenter \u00e4r v\u00e4lkomna att umg\u00e5s, n\u00e4rverka och f\u00e5 ett lugnt avslut av dagen. Kom direkt efter m\u00e4ssan eller trilla in n\u00e4r det passar dig. H\u00e4r kommer det bjudas p\u00e5 tilltugg och snittar.<\/p><p>After BAM \u00e4r<strong> gratis<\/strong> att delta p\u00e5.<\/p><p><strong>N\u00e4r: <\/strong>12 mars<strong><br \/>Tid: <\/strong>16.00 &#8211; 20.00<strong><br \/>Plats: <\/strong>Studentpuben Villan<strong>,<\/strong>\u00a0Minervav\u00e4gen 11, 37141 Karlskrona\u00a0<\/p>\t\t\t\t\t\t\t\t<\/div>\n\t\t\t\t<\/div>\n\t\t\t\t\t<\/div>\n\t\t<\/div>\n\t\t\t\t\t<\/div>\n\t\t<\/section>\n\t\t\t\t<\/div>","protected":false},"excerpt":{"rendered":"<p>Studentlounge Varje \u00e5r s\u00e5 arrangeras det upp en studentlounge d\u00e4r du som student kan samla dina krafter. Varesig du vill l\u00e4sa p\u00e5 om f\u00f6retaget du&hellip;<\/p>","protected":false},"author":110,"featured_media":0,"parent":0,"menu_order":0,"comment_status":"closed","ping_status":"closed","template":"","meta":{"footnotes":""},"class_list":["post-41","page","type-page","status-publish","hentry"],"_links":{"self":[{"href":"https:\/\/bam.bthstudent.se\/en\/wp-json\/wp\/v2\/pages\/41","targetHints":{"allow":["GET"]}}],"collection":[{"href":"https:\/\/bam.bthstudent.se\/en\/wp-json\/wp\/v2\/pages"}],"about":[{"href":"https:\/\/bam.bthstudent.se\/en\/wp-json\/wp\/v2\/types\/page"}],"author":[{"embeddable":true,"href":"https:\/\/bam.bthstudent.se\/en\/wp-json\/wp\/v2\/users\/110"}],"replies":[{"embeddable":true,"href":"https:\/\/bam.bthstudent.se\/en\/wp-json\/wp\/v2\/comments?post=41"}],"version-history":[{"count":33,"href":"https:\/\/bam.bthstudent.se\/en\/wp-json\/wp\/v2\/pages\/41\/revisions"}],"predecessor-version":[{"id":480,"href":"https:\/\/bam.bthstudent.se\/en\/wp-json\/wp\/v2\/pages\/41\/revisions\/480"}],"wp:attachment":[{"href":"https:\/\/bam.bthstudent.se\/en\/wp-json\/wp\/v2\/media?parent=41"}],"curies":[{"name":"wp","href":"https:\/\/api.w.org\/{rel}","templated":true}]}}