{"id":39,"date":"2018-02-12T19:15:44","date_gmt":"2018-02-12T19:15:44","guid":{"rendered":"http:\/\/bam.bthstudent.se\/?page_id=39"},"modified":"2022-10-27T13:00:48","modified_gmt":"2022-10-27T13:00:48","slug":"foregaende-bam","status":"publish","type":"page","link":"https:\/\/bam.bthstudent.se\/en\/foregaende-bam\/","title":{"rendered":"F\u00f6reg\u00e5ende BAM \u00e5r"},"content":{"rendered":"","protected":false},"excerpt":{"rendered":"","protected":false},"author":110,"featured_media":0,"parent":0,"menu_order":0,"comment_status":"closed","ping_status":"closed","template":"","meta":{"footnotes":""},"class_list":["post-39","page","type-page","status-publish","hentry"],"_links":{"self":[{"href":"https:\/\/bam.bthstudent.se\/en\/wp-json\/wp\/v2\/pages\/39","targetHints":{"allow":["GET"]}}],"collection":[{"href":"https:\/\/bam.bthstudent.se\/en\/wp-json\/wp\/v2\/pages"}],"about":[{"href":"https:\/\/bam.bthstudent.se\/en\/wp-json\/wp\/v2\/types\/page"}],"author":[{"embeddable":true,"href":"https:\/\/bam.bthstudent.se\/en\/wp-json\/wp\/v2\/users\/110"}],"replies":[{"embeddable":true,"href":"https:\/\/bam.bthstudent.se\/en\/wp-json\/wp\/v2\/comments?post=39"}],"version-history":[{"count":13,"href":"https:\/\/bam.bthstudent.se\/en\/wp-json\/wp\/v2\/pages\/39\/revisions"}],"predecessor-version":[{"id":200,"href":"https:\/\/bam.bthstudent.se\/en\/wp-json\/wp\/v2\/pages\/39\/revisions\/200"}],"wp:attachment":[{"href":"https:\/\/bam.bthstudent.se\/en\/wp-json\/wp\/v2\/media?parent=39"}],"curies":[{"name":"wp","href":"https:\/\/api.w.org\/{rel}","templated":true}]}}