{"id":386,"date":"2025-01-21T15:10:29","date_gmt":"2025-01-21T15:10:29","guid":{"rendered":"https:\/\/bam.bthstudent.se\/?page_id=386"},"modified":"2025-11-26T14:34:12","modified_gmt":"2025-11-26T14:34:12","slug":"anmalan","status":"publish","type":"page","link":"https:\/\/bam.bthstudent.se\/en\/anmalan\/","title":{"rendered":"Anm\u00e4lan"},"content":{"rendered":"<div data-elementor-type=\"wp-page\" data-elementor-id=\"386\" class=\"elementor elementor-386\">\n\t\t\t\t\t\t<section class=\"elementor-section elementor-top-section elementor-element elementor-element-d704d4a elementor-section-boxed elementor-section-height-default elementor-section-height-default\" data-id=\"d704d4a\" data-element_type=\"section\" data-e-type=\"section\">\n\t\t\t\t\t\t<div class=\"elementor-container elementor-column-gap-default\">\n\t\t\t\t\t<div class=\"elementor-column elementor-col-100 elementor-top-column elementor-element elementor-element-b7dd27a\" data-id=\"b7dd27a\" data-element_type=\"column\" data-e-type=\"column\">\n\t\t\t<div class=\"elementor-widget-wrap elementor-element-populated\">\n\t\t\t\t\t\t<div class=\"elementor-element elementor-element-555f81c elementor-widget elementor-widget-text-editor\" data-id=\"555f81c\" data-element_type=\"widget\" data-e-type=\"widget\" data-widget_type=\"text-editor.default\">\n\t\t\t\t<div class=\"elementor-widget-container\">\n\t\t\t\t\t\t\t\t\t<p>Anm\u00e4lan f\u00f6r utst\u00e4llare till BAM 2026 har \u00e4ntligen sl\u00e4ppts! Var med och tr\u00e4ffa studenter med kompetens inom en rad olika arbetsomr\u00e5den. Skapa nya kontakter och tr\u00e4ffa era potentiella framtida medarbetare.<\/p><p><strong>BAM kommer att h\u00e5llas p\u00e5 Brinnova Arena den 12:e mars i Karlskrona.<br \/><\/strong>More information about the event:\u00a0<a href=\"https:\/\/blekingestudentkar.sharepoint.com\/:b:\/s\/bam\/EU0pr1MZl4tMgUyjX6yH9n0BU5Xy8U2HLuy5j5oIdO2h2g?e=FzCOEp\" target=\"_blank\" rel=\"noopener\">https:\/\/blekingestudentkar.sharepoint.com\/:b:\/s\/bam\/EYN-979w91pIi6BgRUw8z-8BPjPRZnvvB-T4Z-q5E3grLw<\/a><br \/>The application for exhibitors:\u00a0<a href=\"https:\/\/forms.office.com\/e\/xicazf1Abx\" target=\"_blank\" rel=\"noopener\">https:\/\/forms.office.com\/e\/t9GU2AxzHx<\/a><br \/><strong>NOTE! Last day to sign up is 28th of February!<\/strong><\/p><p>In case of questions please e-mail: <a href=\"mailto:bam@bthstudent.se\">bam@bthstudent.se<\/a><\/p>\t\t\t\t\t\t\t\t<\/div>\n\t\t\t\t<\/div>\n\t\t\t\t\t<\/div>\n\t\t<\/div>\n\t\t\t\t\t<\/div>\n\t\t<\/section>\n\t\t\t\t<section class=\"elementor-section elementor-top-section elementor-element elementor-element-db1aede elementor-section-boxed elementor-section-height-default elementor-section-height-default\" data-id=\"db1aede\" data-element_type=\"section\" data-e-type=\"section\">\n\t\t\t\t\t\t<div class=\"elementor-container elementor-column-gap-default\">\n\t\t\t\t\t<div class=\"elementor-column elementor-col-100 elementor-top-column elementor-element elementor-element-6ddb89a\" data-id=\"6ddb89a\" data-element_type=\"column\" data-e-type=\"column\">\n\t\t\t<div class=\"elementor-widget-wrap elementor-element-populated\">\n\t\t\t\t\t\t<div class=\"elementor-element elementor-element-8ae4d9b elementor-widget elementor-widget-heading\" data-id=\"8ae4d9b\" data-element_type=\"widget\" data-e-type=\"widget\" data-widget_type=\"heading.default\">\n\t\t\t\t<div class=\"elementor-widget-container\">\n\t\t\t\t\t<h2 class=\"elementor-heading-title elementor-size-default\">Utst\u00e4llningspaket<\/h2>\t\t\t\t<\/div>\n\t\t\t\t<\/div>\n\t\t\t\t<section class=\"elementor-section elementor-inner-section elementor-element elementor-element-d71aabd elementor-section-boxed elementor-section-height-default elementor-section-height-default\" data-id=\"d71aabd\" data-element_type=\"section\" data-e-type=\"section\">\n\t\t\t\t\t\t<div class=\"elementor-container elementor-column-gap-default\">\n\t\t\t\t\t<div class=\"elementor-column elementor-col-50 elementor-inner-column elementor-element elementor-element-9195f42\" data-id=\"9195f42\" data-element_type=\"column\" data-e-type=\"column\">\n\t\t\t<div class=\"elementor-widget-wrap elementor-element-populated\">\n\t\t\t\t\t\t<div class=\"elementor-element elementor-element-abe359f elementor-widget elementor-widget-text-editor\" data-id=\"abe359f\" data-element_type=\"widget\" data-e-type=\"widget\" data-widget_type=\"text-editor.default\">\n\t\t\t\t<div class=\"elementor-widget-container\">\n\t\t\t\t\t\t\t\t\t<h2><strong>Premiumpaket:<\/strong> <strong>22 500:-<\/strong><\/h2><ul><li>2x5m monterplats (tv\u00e5 st\u00e5bord och en stol medf\u00f6ljer),<\/li><li>Extra synlig markering p\u00e5 kartan \u00f6ver m\u00e4ssan,<\/li><li>Introfilm (30s ing\u00e5r, d\u00e4refter 800kr per tillagda 30s) upplagd p\u00e5 BAM:s Facebooksida en (1) vecka innan BAM,<\/li><li>\u201dStory post\u201d inl\u00e4gg p\u00e5 BAM:s Facebook (max 500 ord)<\/li><li>Individuell h\u00e4ndelse p\u00e5 v\u00e5ra informationskanaler (Facebook och Instagram) i 24 timmar,<\/li><li>Logotyp p\u00e5 annonserade inl\u00e4gg om BAM p\u00e5 v\u00e5ra informationskanaler,<\/li><li>Deltagande kommer marknadsf\u00f6ras med logotyp och medskickad text p\u00e5 dedikerad yta p\u00e5 v\u00e5r hemsida och i katalogen,<\/li><li>Logotyp p\u00e5 affischer i skolan,<\/li><li>Inkluderar lunch, fika, kaffe och frukost samt intr\u00e4de till \u201cAfter BAM\u201d-minglet f\u00f6r max fem (5) personer,<\/li><li>F\u00e4rgkoordinerade lappar beroende p\u00e5 arbetsomr\u00e5de och m\u00e5lgrupp<\/li><li>F\u00f6rm\u00e5nlig monterplacering i lokalen,<\/li><li>F\u00f6rtur till \u00f6nskad monterplacering och montergrannar.<\/li><\/ul>\t\t\t\t\t\t\t\t<\/div>\n\t\t\t\t<\/div>\n\t\t\t\t\t<\/div>\n\t\t<\/div>\n\t\t\t\t<div class=\"elementor-column elementor-col-50 elementor-inner-column elementor-element elementor-element-b604d2c\" data-id=\"b604d2c\" data-element_type=\"column\" data-e-type=\"column\">\n\t\t\t<div class=\"elementor-widget-wrap elementor-element-populated\">\n\t\t\t\t\t\t<div class=\"elementor-element elementor-element-62896f1 elementor-widget elementor-widget-text-editor\" data-id=\"62896f1\" data-element_type=\"widget\" data-e-type=\"widget\" data-widget_type=\"text-editor.default\">\n\t\t\t\t<div class=\"elementor-widget-container\">\n\t\t\t\t\t\t\t\t\t<h2><strong>Standardpaket: 12 500:-<\/strong><\/h2><ul><li>2&#215;3 m monterplats (ett st\u00e5bord och en stol medf\u00f6ljer),<\/li><li>\u201dStory post\u201d Inl\u00e4gg p\u00e5 BAMs Facebook (max 250 ord),<\/li><li>Logotyp p\u00e5 inl\u00e4gg om BAM p\u00e5 v\u00e5ra informationskanaler<\/li><li>Logotyp p\u00e5 affischer i skolan,<\/li><li>Kan \u00f6nska montergrannar<\/li><li>Deltagande kommer marknadsf\u00f6ras med logotyp via v\u00e5r hemsida och i katalogen med logotyp och medkickad text,<\/li><li>F\u00e4rgkoordinerade lappar beroende p\u00e5 arbetsomr\u00e5de och m\u00e5lgrupp,<\/li><li>Inkluderar lunch och kaffe samt intr\u00e4de till \u201cAfter BAM\u201d-minglet f\u00f6r max tre (3) personer.<\/li><\/ul>\t\t\t\t\t\t\t\t<\/div>\n\t\t\t\t<\/div>\n\t\t\t\t\t<\/div>\n\t\t<\/div>\n\t\t\t\t\t<\/div>\n\t\t<\/section>\n\t\t\t\t\t<\/div>\n\t\t<\/div>\n\t\t\t\t\t<\/div>\n\t\t<\/section>\n\t\t\t\t<\/div>","protected":false},"excerpt":{"rendered":"<p>Anm\u00e4lan f\u00f6r utst\u00e4llare till BAM 2026 har \u00e4ntligen sl\u00e4ppts! Var med och tr\u00e4ffa studenter med kompetens inom en rad olika arbetsomr\u00e5den. Skapa nya kontakter och&hellip;<\/p>","protected":false},"author":43,"featured_media":0,"parent":0,"menu_order":0,"comment_status":"closed","ping_status":"closed","template":"","meta":{"footnotes":""},"class_list":["post-386","page","type-page","status-publish","hentry"],"_links":{"self":[{"href":"https:\/\/bam.bthstudent.se\/en\/wp-json\/wp\/v2\/pages\/386","targetHints":{"allow":["GET"]}}],"collection":[{"href":"https:\/\/bam.bthstudent.se\/en\/wp-json\/wp\/v2\/pages"}],"about":[{"href":"https:\/\/bam.bthstudent.se\/en\/wp-json\/wp\/v2\/types\/page"}],"author":[{"embeddable":true,"href":"https:\/\/bam.bthstudent.se\/en\/wp-json\/wp\/v2\/users\/43"}],"replies":[{"embeddable":true,"href":"https:\/\/bam.bthstudent.se\/en\/wp-json\/wp\/v2\/comments?post=386"}],"version-history":[{"count":13,"href":"https:\/\/bam.bthstudent.se\/en\/wp-json\/wp\/v2\/pages\/386\/revisions"}],"predecessor-version":[{"id":456,"href":"https:\/\/bam.bthstudent.se\/en\/wp-json\/wp\/v2\/pages\/386\/revisions\/456"}],"wp:attachment":[{"href":"https:\/\/bam.bthstudent.se\/en\/wp-json\/wp\/v2\/media?parent=386"}],"curies":[{"name":"wp","href":"https:\/\/api.w.org\/{rel}","templated":true}]}}