{"id":37,"date":"2018-02-12T19:15:30","date_gmt":"2018-02-12T19:15:30","guid":{"rendered":"http:\/\/bam.bthstudent.se\/?page_id=37"},"modified":"2026-03-11T14:10:35","modified_gmt":"2026-03-11T14:10:35","slug":"foretag","status":"publish","type":"page","link":"https:\/\/bam.bthstudent.se\/en\/foretag\/","title":{"rendered":"Utst\u00e4llare"},"content":{"rendered":"<div data-elementor-type=\"wp-page\" data-elementor-id=\"37\" class=\"elementor elementor-37\">\n\t\t\t\t\t\t<section class=\"elementor-section elementor-top-section elementor-element elementor-element-49cb9d5 elementor-section-boxed elementor-section-height-default elementor-section-height-default\" data-id=\"49cb9d5\" data-element_type=\"section\" data-e-type=\"section\">\n\t\t\t\t\t\t<div class=\"elementor-container elementor-column-gap-default\">\n\t\t\t\t\t<div class=\"elementor-column elementor-col-100 elementor-top-column elementor-element elementor-element-6503c1d\" data-id=\"6503c1d\" data-element_type=\"column\" data-e-type=\"column\">\n\t\t\t<div class=\"elementor-widget-wrap elementor-element-populated\">\n\t\t\t\t\t\t<div class=\"elementor-element elementor-element-f1bc829 elementor-widget elementor-widget-image\" data-id=\"f1bc829\" data-element_type=\"widget\" data-e-type=\"widget\" data-widget_type=\"image.default\">\n\t\t\t\t<div class=\"elementor-widget-container\">\n\t\t\t\t\t\t\t\t\t\t\t\t\t\t\t<img fetchpriority=\"high\" decoding=\"async\" width=\"758\" height=\"426\" src=\"https:\/\/bam.bthstudent.se\/wp-content\/blogs.dir\/29\/files\/sites\/17\/2026\/03\/Utstallarkarta-BAM2026.jpg\" class=\"attachment-large size-large wp-image-484\" alt=\"\" srcset=\"https:\/\/bam.bthstudent.se\/wp-content\/blogs.dir\/29\/files\/sites\/17\/2026\/03\/Utstallarkarta-BAM2026.jpg 960w, https:\/\/bam.bthstudent.se\/wp-content\/blogs.dir\/29\/files\/sites\/17\/2026\/03\/Utstallarkarta-BAM2026-300x169.jpg 300w, https:\/\/bam.bthstudent.se\/wp-content\/blogs.dir\/29\/files\/sites\/17\/2026\/03\/Utstallarkarta-BAM2026-768x432.jpg 768w, https:\/\/bam.bthstudent.se\/wp-content\/blogs.dir\/29\/files\/sites\/17\/2026\/03\/Utstallarkarta-BAM2026-18x10.jpg 18w\" sizes=\"(max-width: 758px) 100vw, 758px\" \/>\t\t\t\t\t\t\t\t\t\t\t\t\t\t\t<\/div>\n\t\t\t\t<\/div>\n\t\t\t\t<div class=\"elementor-element elementor-element-c9040cc elementor-widget elementor-widget-text-editor\" data-id=\"c9040cc\" data-element_type=\"widget\" data-e-type=\"widget\" data-widget_type=\"text-editor.default\">\n\t\t\t\t<div class=\"elementor-widget-container\">\n\t\t\t\t\t\t\t\t\t<p>Tr\u00e4ffa \u00e5rets utst\u00e4llare p\u00e5 BAM 2026!\u00a0<br \/><a href=\"https:\/\/www.sebroschyr.se\/BAM2026\/WebView\/\"><b>L\u00c4S MER OM VARJE UTST\u00c4LLARE I V\u00c5R DIGITALA BROSCHYR F\u00d6R BAM<\/b><\/a><\/p>\t\t\t\t\t\t\t\t<\/div>\n\t\t\t\t<\/div>\n\t\t\t\t<div class=\"elementor-element elementor-element-98a6142 elementor-widget elementor-widget-heading\" data-id=\"98a6142\" data-element_type=\"widget\" data-e-type=\"widget\" data-widget_type=\"heading.default\">\n\t\t\t\t<div class=\"elementor-widget-container\">\n\t\t\t\t\t<h1 class=\"elementor-heading-title elementor-size-default\">Premium paket<\/h1>\t\t\t\t<\/div>\n\t\t\t\t<\/div>\n\t\t\t\t<div class=\"elementor-element elementor-element-6bd80bc elementor-widget elementor-widget-image\" data-id=\"6bd80bc\" data-element_type=\"widget\" data-e-type=\"widget\" data-widget_type=\"image.default\">\n\t\t\t\t<div class=\"elementor-widget-container\">\n\t\t\t\t\t\t\t\t\t\t\t\t\t\t\t<img decoding=\"async\" width=\"758\" height=\"175\" src=\"https:\/\/bam.bthstudent.se\/wp-content\/blogs.dir\/29\/files\/sites\/17\/2026\/03\/BAM-loggor-premium-1024x236.png\" class=\"attachment-large size-large wp-image-460\" alt=\"\" srcset=\"https:\/\/bam.bthstudent.se\/wp-content\/blogs.dir\/29\/files\/sites\/17\/2026\/03\/BAM-loggor-premium-1024x236.png 1024w, https:\/\/bam.bthstudent.se\/wp-content\/blogs.dir\/29\/files\/sites\/17\/2026\/03\/BAM-loggor-premium-300x69.png 300w, https:\/\/bam.bthstudent.se\/wp-content\/blogs.dir\/29\/files\/sites\/17\/2026\/03\/BAM-loggor-premium-768x177.png 768w, https:\/\/bam.bthstudent.se\/wp-content\/blogs.dir\/29\/files\/sites\/17\/2026\/03\/BAM-loggor-premium-1536x354.png 1536w, https:\/\/bam.bthstudent.se\/wp-content\/blogs.dir\/29\/files\/sites\/17\/2026\/03\/BAM-loggor-premium-2048x473.png 2048w, https:\/\/bam.bthstudent.se\/wp-content\/blogs.dir\/29\/files\/sites\/17\/2026\/03\/BAM-loggor-premium-18x4.png 18w\" sizes=\"(max-width: 758px) 100vw, 758px\" \/>\t\t\t\t\t\t\t\t\t\t\t\t\t\t\t<\/div>\n\t\t\t\t<\/div>\n\t\t\t\t\t<\/div>\n\t\t<\/div>\n\t\t\t\t\t<\/div>\n\t\t<\/section>\n\t\t\t\t<section class=\"elementor-section elementor-top-section elementor-element elementor-element-f1a674c elementor-section-boxed elementor-section-height-default elementor-section-height-default\" data-id=\"f1a674c\" data-element_type=\"section\" data-e-type=\"section\">\n\t\t\t\t\t\t<div class=\"elementor-container elementor-column-gap-default\">\n\t\t\t\t\t<div class=\"elementor-column elementor-col-33 elementor-top-column elementor-element elementor-element-4ffb373\" data-id=\"4ffb373\" data-element_type=\"column\" data-e-type=\"column\">\n\t\t\t<div class=\"elementor-widget-wrap\">\n\t\t\t\t\t\t\t<\/div>\n\t\t<\/div>\n\t\t\t\t<div class=\"elementor-column elementor-col-33 elementor-top-column elementor-element elementor-element-da4d6a6\" data-id=\"da4d6a6\" data-element_type=\"column\" data-e-type=\"column\">\n\t\t\t<div class=\"elementor-widget-wrap\">\n\t\t\t\t\t\t\t<\/div>\n\t\t<\/div>\n\t\t\t\t<div class=\"elementor-column elementor-col-33 elementor-top-column elementor-element elementor-element-1bf6bbd\" data-id=\"1bf6bbd\" data-element_type=\"column\" data-e-type=\"column\">\n\t\t\t<div class=\"elementor-widget-wrap\">\n\t\t\t\t\t\t\t<\/div>\n\t\t<\/div>\n\t\t\t\t\t<\/div>\n\t\t<\/section>\n\t\t\t\t<section class=\"elementor-section elementor-top-section elementor-element elementor-element-a4aa279 elementor-section-boxed elementor-section-height-default elementor-section-height-default\" data-id=\"a4aa279\" data-element_type=\"section\" data-e-type=\"section\">\n\t\t\t\t\t\t<div class=\"elementor-container elementor-column-gap-default\">\n\t\t\t\t\t<div class=\"elementor-column elementor-col-100 elementor-top-column elementor-element elementor-element-8d3500a\" data-id=\"8d3500a\" data-element_type=\"column\" data-e-type=\"column\">\n\t\t\t<div class=\"elementor-widget-wrap elementor-element-populated\">\n\t\t\t\t\t\t<div class=\"elementor-element elementor-element-63b8f8f elementor-widget elementor-widget-heading\" data-id=\"63b8f8f\" data-element_type=\"widget\" data-e-type=\"widget\" data-widget_type=\"heading.default\">\n\t\t\t\t<div class=\"elementor-widget-container\">\n\t\t\t\t\t<h1 class=\"elementor-heading-title elementor-size-default\">Standard paket<\/h1>\t\t\t\t<\/div>\n\t\t\t\t<\/div>\n\t\t\t\t<div class=\"elementor-element elementor-element-7dc22bd elementor-hidden-desktop elementor-hidden-tablet elementor-hidden-mobile elementor-widget elementor-widget-text-editor\" data-id=\"7dc22bd\" data-element_type=\"widget\" data-e-type=\"widget\" data-widget_type=\"text-editor.default\">\n\t\t\t\t<div class=\"elementor-widget-container\">\n\t\t\t\t\t\t\t\t\t<p>Information kommer n\u00e4r det b\u00f6rjar n\u00e4rma sig!\u00a0<\/p>\t\t\t\t\t\t\t\t<\/div>\n\t\t\t\t<\/div>\n\t\t\t\t\t<\/div>\n\t\t<\/div>\n\t\t\t\t\t<\/div>\n\t\t<\/section>\n\t\t\t\t<section class=\"elementor-section elementor-top-section elementor-element elementor-element-d624923 elementor-section-boxed elementor-section-height-default elementor-section-height-default\" data-id=\"d624923\" data-element_type=\"section\" data-e-type=\"section\">\n\t\t\t\t\t\t<div class=\"elementor-container elementor-column-gap-default\">\n\t\t\t\t\t<div class=\"elementor-column elementor-col-100 elementor-top-column elementor-element elementor-element-b998946\" data-id=\"b998946\" data-element_type=\"column\" data-e-type=\"column\">\n\t\t\t<div class=\"elementor-widget-wrap elementor-element-populated\">\n\t\t\t\t\t\t<div class=\"elementor-element elementor-element-7c90f16 elementor-widget elementor-widget-image\" data-id=\"7c90f16\" data-element_type=\"widget\" data-e-type=\"widget\" data-widget_type=\"image.default\">\n\t\t\t\t<div class=\"elementor-widget-container\">\n\t\t\t\t\t\t\t\t\t\t\t\t\t\t\t<img decoding=\"async\" width=\"758\" height=\"460\" src=\"https:\/\/bam.bthstudent.se\/wp-content\/blogs.dir\/29\/files\/sites\/17\/2026\/03\/BAM-loggor-standard-1024x622.png\" class=\"attachment-large size-large wp-image-459\" alt=\"\" srcset=\"https:\/\/bam.bthstudent.se\/wp-content\/blogs.dir\/29\/files\/sites\/17\/2026\/03\/BAM-loggor-standard-1024x622.png 1024w, https:\/\/bam.bthstudent.se\/wp-content\/blogs.dir\/29\/files\/sites\/17\/2026\/03\/BAM-loggor-standard-300x182.png 300w, https:\/\/bam.bthstudent.se\/wp-content\/blogs.dir\/29\/files\/sites\/17\/2026\/03\/BAM-loggor-standard-768x467.png 768w, https:\/\/bam.bthstudent.se\/wp-content\/blogs.dir\/29\/files\/sites\/17\/2026\/03\/BAM-loggor-standard-1536x933.png 1536w, https:\/\/bam.bthstudent.se\/wp-content\/blogs.dir\/29\/files\/sites\/17\/2026\/03\/BAM-loggor-standard-2048x1245.png 2048w, https:\/\/bam.bthstudent.se\/wp-content\/blogs.dir\/29\/files\/sites\/17\/2026\/03\/BAM-loggor-standard-18x12.png 18w\" sizes=\"(max-width: 758px) 100vw, 758px\" \/>\t\t\t\t\t\t\t\t\t\t\t\t\t\t\t<\/div>\n\t\t\t\t<\/div>\n\t\t\t\t\t<\/div>\n\t\t<\/div>\n\t\t\t\t\t<\/div>\n\t\t<\/section>\n\t\t\t\t<\/div>","protected":false},"excerpt":{"rendered":"<p>Tr\u00e4ffa \u00e5rets utst\u00e4llare p\u00e5 BAM 2026!\u00a0L\u00c4S MER OM VARJE UTST\u00c4LLARE I V\u00c5R DIGITALA BROSCHYR F\u00d6R BAM Premium paket Standard paket Information kommer n\u00e4r det b\u00f6rjar&hellip;<\/p>","protected":false},"author":110,"featured_media":0,"parent":0,"menu_order":0,"comment_status":"closed","ping_status":"closed","template":"","meta":{"footnotes":""},"class_list":["post-37","page","type-page","status-publish","hentry"],"_links":{"self":[{"href":"https:\/\/bam.bthstudent.se\/en\/wp-json\/wp\/v2\/pages\/37","targetHints":{"allow":["GET"]}}],"collection":[{"href":"https:\/\/bam.bthstudent.se\/en\/wp-json\/wp\/v2\/pages"}],"about":[{"href":"https:\/\/bam.bthstudent.se\/en\/wp-json\/wp\/v2\/types\/page"}],"author":[{"embeddable":true,"href":"https:\/\/bam.bthstudent.se\/en\/wp-json\/wp\/v2\/users\/110"}],"replies":[{"embeddable":true,"href":"https:\/\/bam.bthstudent.se\/en\/wp-json\/wp\/v2\/comments?post=37"}],"version-history":[{"count":116,"href":"https:\/\/bam.bthstudent.se\/en\/wp-json\/wp\/v2\/pages\/37\/revisions"}],"predecessor-version":[{"id":487,"href":"https:\/\/bam.bthstudent.se\/en\/wp-json\/wp\/v2\/pages\/37\/revisions\/487"}],"wp:attachment":[{"href":"https:\/\/bam.bthstudent.se\/en\/wp-json\/wp\/v2\/media?parent=37"}],"curies":[{"name":"wp","href":"https:\/\/api.w.org\/{rel}","templated":true}]}}