{"id":23,"date":"2018-02-12T19:06:57","date_gmt":"2018-02-12T19:06:57","guid":{"rendered":"http:\/\/bam.bthstudent.se\/?page_id=23"},"modified":"2025-11-26T14:28:28","modified_gmt":"2025-11-26T14:28:28","slug":"hem","status":"publish","type":"page","link":"https:\/\/bam.bthstudent.se\/en\/","title":{"rendered":"Homepage"},"content":{"rendered":"<div data-elementor-type=\"wp-page\" data-elementor-id=\"23\" class=\"elementor elementor-23\">\n\t\t\t\t\t\t<section class=\"elementor-section elementor-top-section elementor-element elementor-element-2f186e6d elementor-section-boxed elementor-section-height-default elementor-section-height-default\" data-id=\"2f186e6d\" data-element_type=\"section\" data-e-type=\"section\">\n\t\t\t\t\t\t<div class=\"elementor-container elementor-column-gap-default\">\n\t\t\t\t\t<div class=\"elementor-column elementor-col-100 elementor-top-column elementor-element elementor-element-fabff8\" data-id=\"fabff8\" data-element_type=\"column\" data-e-type=\"column\">\n\t\t\t<div class=\"elementor-widget-wrap elementor-element-populated\">\n\t\t\t\t\t\t<div class=\"elementor-element elementor-element-3c845d75 elementor-widget elementor-widget-text-editor\" data-id=\"3c845d75\" data-element_type=\"widget\" data-e-type=\"widget\" data-widget_type=\"text-editor.default\">\n\t\t\t\t<div class=\"elementor-widget-container\">\n\t\t\t\t\t\t\t\t\t<p>Every year Blekinge student union arrange a labor market day, also known as BAM, for our students at Blekinge Insitute of Technology (BTH). At the institute there are about 7000 students in the majority of different educations within the insitution's special fields, IT and sustainable development. Why we arrange BAM is to give both students and businesses an opportunity to favor the business life by creating contacts and meeting potential future employees.<\/p><p><strong>BAM 2026 kommer att h\u00e5llas p\u00e5 Brinnova Arena den 12:e mars i Karlskrona.<br \/><\/strong>More information about the event:\u00a0<a href=\"https:\/\/blekingestudentkar.sharepoint.com\/:b:\/s\/bam\/Ec9UekS2cTBLqSk45otZiNABVE08BL4HQYSOfzUAPfRzSA?e=bPlW1u\" target=\"_blank\" rel=\"noopener\">https:\/\/blekingestudentkar.sharepoint.com\/:b:\/s\/bam\/EYN-979w91pIi6BgRUw8z-8BPjPRZnvvB-T4Z-q5E3grLw<\/a><br \/>The application for exhibitors:\u00a0<a href=\"https:\/\/forms.office.com\/e\/xicazf1Abx\" target=\"_blank\" rel=\"noopener\">https:\/\/forms.office.com\/e\/t9GU2AxzHx<\/a><br \/><strong>NOTE! Last day to sign up is 28th of February!<\/strong><\/p><p>In case of questions please e-mail: <a href=\"mailto:bam@bthstudent.se\">bam@bthstudent.se<\/a><\/p>\t\t\t\t\t\t\t\t<\/div>\n\t\t\t\t<\/div>\n\t\t\t\t<div class=\"elementor-element elementor-element-2377f30 elementor-widget elementor-widget-text-editor\" data-id=\"2377f30\" data-element_type=\"widget\" data-e-type=\"widget\" data-widget_type=\"text-editor.default\">\n\t\t\t\t<div class=\"elementor-widget-container\">\n\t\t\t\t\t\t\t\t\t<p>At BTH we have students within broad spectrum of education programs that can be divided between the following areas:<\/p><ul><li>Computer Science<\/li><li>Health and care<\/li><li>Industrial Economics, Sustainability and Leadership<\/li><li>Marine Engineering and Mechanical Engineering<\/li><li>Software development<\/li><li>Planning architect<\/li><li>Game techonolgy<\/li><li>Media Technic<\/li><\/ul><p>All the school's students must sooner or later enter the labor market and apply their good skills in real life. As part of simplifying the students' contact with the business world, there is the arrangement BAM. The fair is a natural meeting place where students and employers meet to get to know each other.<\/p>\t\t\t\t\t\t\t\t<\/div>\n\t\t\t\t<\/div>\n\t\t\t\t\t<\/div>\n\t\t<\/div>\n\t\t\t\t\t<\/div>\n\t\t<\/section>\n\t\t\t\t<section class=\"elementor-section elementor-top-section elementor-element elementor-element-e42b229 elementor-section-boxed elementor-section-height-default elementor-section-height-default\" data-id=\"e42b229\" data-element_type=\"section\" data-e-type=\"section\">\n\t\t\t\t\t\t<div class=\"elementor-container elementor-column-gap-default\">\n\t\t\t\t\t<div class=\"elementor-column elementor-col-100 elementor-top-column elementor-element elementor-element-7a5e663\" data-id=\"7a5e663\" data-element_type=\"column\" data-e-type=\"column\">\n\t\t\t<div class=\"elementor-widget-wrap elementor-element-populated\">\n\t\t\t\t\t\t<div class=\"elementor-element elementor-element-4681c91 elementor-widget elementor-widget-image\" data-id=\"4681c91\" data-element_type=\"widget\" data-e-type=\"widget\" data-widget_type=\"image.default\">\n\t\t\t\t<div class=\"elementor-widget-container\">\n\t\t\t\t\t\t\t\t\t\t\t\t\t\t\t<img fetchpriority=\"high\" decoding=\"async\" width=\"758\" height=\"506\" src=\"https:\/\/bam.bthstudent.se\/wp-content\/blogs.dir\/29\/files\/sites\/17\/2024\/12\/BAM-2023-202-1024x683.jpg\" class=\"attachment-large size-large wp-image-370\" alt=\"\" srcset=\"https:\/\/bam.bthstudent.se\/wp-content\/blogs.dir\/29\/files\/sites\/17\/2024\/12\/BAM-2023-202-1024x683.jpg 1024w, https:\/\/bam.bthstudent.se\/wp-content\/blogs.dir\/29\/files\/sites\/17\/2024\/12\/BAM-2023-202-300x200.jpg 300w, https:\/\/bam.bthstudent.se\/wp-content\/blogs.dir\/29\/files\/sites\/17\/2024\/12\/BAM-2023-202-768x512.jpg 768w, https:\/\/bam.bthstudent.se\/wp-content\/blogs.dir\/29\/files\/sites\/17\/2024\/12\/BAM-2023-202-1536x1024.jpg 1536w, https:\/\/bam.bthstudent.se\/wp-content\/blogs.dir\/29\/files\/sites\/17\/2024\/12\/BAM-2023-202-2048x1365.jpg 2048w, https:\/\/bam.bthstudent.se\/wp-content\/blogs.dir\/29\/files\/sites\/17\/2024\/12\/BAM-2023-202-18x12.jpg 18w\" sizes=\"(max-width: 758px) 100vw, 758px\" \/>\t\t\t\t\t\t\t\t\t\t\t\t\t\t\t<\/div>\n\t\t\t\t<\/div>\n\t\t\t\t\t<\/div>\n\t\t<\/div>\n\t\t\t\t\t<\/div>\n\t\t<\/section>\n\t\t\t\t<section class=\"elementor-section elementor-top-section elementor-element elementor-element-efe2b3f elementor-hidden-desktop elementor-hidden-tablet elementor-hidden-mobile elementor-section-boxed elementor-section-height-default elementor-section-height-default\" data-id=\"efe2b3f\" data-element_type=\"section\" data-e-type=\"section\">\n\t\t\t\t\t\t<div class=\"elementor-container elementor-column-gap-default\">\n\t\t\t\t\t<div class=\"elementor-column elementor-col-100 elementor-top-column elementor-element elementor-element-6a32150\" data-id=\"6a32150\" data-element_type=\"column\" data-e-type=\"column\">\n\t\t\t<div class=\"elementor-widget-wrap elementor-element-populated\">\n\t\t\t\t\t\t<div class=\"elementor-element elementor-element-b1154f3 elementor-widget elementor-widget-heading\" data-id=\"b1154f3\" data-element_type=\"widget\" data-e-type=\"widget\" data-widget_type=\"heading.default\">\n\t\t\t\t<div class=\"elementor-widget-container\">\n\t\t\t\t\t<h2 class=\"elementor-heading-title elementor-size-default\">Bus table<\/h2>\t\t\t\t<\/div>\n\t\t\t\t<\/div>\n\t\t\t\t\t<\/div>\n\t\t<\/div>\n\t\t\t\t\t<\/div>\n\t\t<\/section>\n\t\t\t\t<section class=\"elementor-section elementor-top-section elementor-element elementor-element-fd35908 elementor-hidden-desktop elementor-hidden-tablet elementor-hidden-mobile elementor-section-boxed elementor-section-height-default elementor-section-height-default\" data-id=\"fd35908\" data-element_type=\"section\" data-e-type=\"section\">\n\t\t\t\t\t\t<div class=\"elementor-container elementor-column-gap-default\">\n\t\t\t\t\t<div class=\"elementor-column elementor-col-100 elementor-top-column elementor-element elementor-element-0dacf68\" data-id=\"0dacf68\" data-element_type=\"column\" data-e-type=\"column\">\n\t\t\t<div class=\"elementor-widget-wrap elementor-element-populated\">\n\t\t\t\t\t\t<div class=\"elementor-element elementor-element-5d80a82 elementor-widget elementor-widget-text-editor\" data-id=\"5d80a82\" data-element_type=\"widget\" data-e-type=\"widget\" data-widget_type=\"text-editor.default\">\n\t\t\t\t<div class=\"elementor-widget-container\">\n\t\t\t\t\t\t\t\t\t<p>Orolig hur du ska ta dig till Brinova Arena? Studentk\u00e5ren kommer anordna bussar mellan Karlshamn campus och arenan, samt Karlskrona campus och arenan.\u00a0 Bussen kommer stanna utanf\u00f6r biblioteket p\u00e5 campus Karlskrona, vid parkeringarna p\u00e5 campus Karlshamn och\u00a0 utanf\u00f6r Brinova Arena.<\/p>\t\t\t\t\t\t\t\t<\/div>\n\t\t\t\t<\/div>\n\t\t\t\t\t<\/div>\n\t\t<\/div>\n\t\t\t\t\t<\/div>\n\t\t<\/section>\n\t\t\t\t<section class=\"elementor-section elementor-top-section elementor-element elementor-element-a109697 elementor-hidden-desktop elementor-hidden-tablet elementor-hidden-mobile elementor-section-boxed elementor-section-height-default elementor-section-height-default\" data-id=\"a109697\" data-element_type=\"section\" data-e-type=\"section\">\n\t\t\t\t\t\t<div class=\"elementor-container elementor-column-gap-default\">\n\t\t\t\t\t<div class=\"elementor-column elementor-col-100 elementor-top-column elementor-element elementor-element-3938618\" data-id=\"3938618\" data-element_type=\"column\" data-e-type=\"column\">\n\t\t\t<div class=\"elementor-widget-wrap elementor-element-populated\">\n\t\t\t\t\t\t<div class=\"elementor-element elementor-element-f84a18d elementor-widget elementor-widget-text-editor\" data-id=\"f84a18d\" data-element_type=\"widget\" data-e-type=\"widget\" data-widget_type=\"text-editor.default\">\n\t\t\t\t<div class=\"elementor-widget-container\">\n\t\t\t\t\t\t\t\t\t<h2>Karlshamn<\/h2><p><strong>Campus Karlshamn &#8211; Brinova Arena<br \/><\/strong>Departure:<br \/>09.00<br \/><strong>Brinova Arena &#8211; Campus Karlshamn\u00a0<\/strong><br \/>Departure:<br \/>15.30<\/p><h2>Karlskrona<\/h2><p><strong>Campus Karlskrona &#8211; Brinova Arena<\/strong><br \/>Departure:<br \/>09.45<br \/>11.00<br \/>11.30<br \/>12.00<br \/>12.30<br \/>13.00<br \/>13.30<br \/><strong>Brinova Arena &#8211; Campus Karlskrona<\/strong><br \/>Departure:<br \/>11.30<br \/>12.30<br \/>13:30<br \/>14.30<br \/>15.15<\/p>\t\t\t\t\t\t\t\t<\/div>\n\t\t\t\t<\/div>\n\t\t\t\t\t<\/div>\n\t\t<\/div>\n\t\t\t\t\t<\/div>\n\t\t<\/section>\n\t\t\t\t<section class=\"elementor-section elementor-top-section elementor-element elementor-element-b2d0ee6 elementor-section-boxed elementor-section-height-default elementor-section-height-default\" data-id=\"b2d0ee6\" data-element_type=\"section\" data-e-type=\"section\">\n\t\t\t\t\t\t<div class=\"elementor-container elementor-column-gap-default\">\n\t\t\t\t\t<div class=\"elementor-column elementor-col-100 elementor-top-column elementor-element elementor-element-e3858aa\" data-id=\"e3858aa\" data-element_type=\"column\" data-e-type=\"column\">\n\t\t\t<div class=\"elementor-widget-wrap elementor-element-populated\">\n\t\t\t\t\t\t<div class=\"elementor-element elementor-element-f8640b8 elementor-widget elementor-widget-heading\" data-id=\"f8640b8\" data-element_type=\"widget\" data-e-type=\"widget\" data-widget_type=\"heading.default\">\n\t\t\t\t<div class=\"elementor-widget-container\">\n\t\t\t\t\t<h2 class=\"elementor-heading-title elementor-size-default\">ORGANIZED BY<\/h2>\t\t\t\t<\/div>\n\t\t\t\t<\/div>\n\t\t\t\t<div class=\"elementor-element elementor-element-8279038 elementor-widget elementor-widget-image\" data-id=\"8279038\" data-element_type=\"widget\" data-e-type=\"widget\" data-settings=\"{&quot;_animation&quot;:&quot;none&quot;}\" data-widget_type=\"image.default\">\n\t\t\t\t<div class=\"elementor-widget-container\">\n\t\t\t\t\t\t\t\t\t\t\t\t\t\t\t\t<a href=\"https:\/\/bthstudent.se\/\" target=\"_blank\">\n\t\t\t\t\t\t\t<img decoding=\"async\" width=\"758\" height=\"152\" src=\"https:\/\/bam.bthstudent.se\/wp-content\/blogs.dir\/29\/files\/sites\/17\/2022\/12\/bsk_logga_hori-1024x206.png\" class=\"elementor-animation-shrink attachment-large size-large wp-image-242\" alt=\"\" srcset=\"https:\/\/bam.bthstudent.se\/wp-content\/blogs.dir\/29\/files\/sites\/17\/2022\/12\/bsk_logga_hori-1024x206.png 1024w, https:\/\/bam.bthstudent.se\/wp-content\/blogs.dir\/29\/files\/sites\/17\/2022\/12\/bsk_logga_hori-300x60.png 300w, https:\/\/bam.bthstudent.se\/wp-content\/blogs.dir\/29\/files\/sites\/17\/2022\/12\/bsk_logga_hori-768x155.png 768w, https:\/\/bam.bthstudent.se\/wp-content\/blogs.dir\/29\/files\/sites\/17\/2022\/12\/bsk_logga_hori-1536x309.png 1536w, https:\/\/bam.bthstudent.se\/wp-content\/blogs.dir\/29\/files\/sites\/17\/2022\/12\/bsk_logga_hori-2048x412.png 2048w, https:\/\/bam.bthstudent.se\/wp-content\/blogs.dir\/29\/files\/sites\/17\/2022\/12\/bsk_logga_hori-18x4.png 18w\" sizes=\"(max-width: 758px) 100vw, 758px\" \/>\t\t\t\t\t\t\t\t<\/a>\n\t\t\t\t\t\t\t\t\t\t\t\t\t\t\t<\/div>\n\t\t\t\t<\/div>\n\t\t\t\t\t<\/div>\n\t\t<\/div>\n\t\t\t\t\t<\/div>\n\t\t<\/section>\n\t\t\t\t<\/div>","protected":false},"excerpt":{"rendered":"<p>Varje \u00e5r anordnar Blekinge Studentk\u00e5r en arbetsmarknadsdag \u00e4ven k\u00e4nt som BAM, f\u00f6r v\u00e5ra studenter p\u00e5 Blekinge Tekniska H\u00f6gskola (BTH). P\u00e5 h\u00f6gskolan studerar cirka 7 000&hellip;<\/p>","protected":false},"author":110,"featured_media":0,"parent":0,"menu_order":0,"comment_status":"closed","ping_status":"closed","template":"","meta":{"footnotes":""},"class_list":["post-23","page","type-page","status-publish","hentry"],"_links":{"self":[{"href":"https:\/\/bam.bthstudent.se\/en\/wp-json\/wp\/v2\/pages\/23","targetHints":{"allow":["GET"]}}],"collection":[{"href":"https:\/\/bam.bthstudent.se\/en\/wp-json\/wp\/v2\/pages"}],"about":[{"href":"https:\/\/bam.bthstudent.se\/en\/wp-json\/wp\/v2\/types\/page"}],"author":[{"embeddable":true,"href":"https:\/\/bam.bthstudent.se\/en\/wp-json\/wp\/v2\/users\/110"}],"replies":[{"embeddable":true,"href":"https:\/\/bam.bthstudent.se\/en\/wp-json\/wp\/v2\/comments?post=23"}],"version-history":[{"count":85,"href":"https:\/\/bam.bthstudent.se\/en\/wp-json\/wp\/v2\/pages\/23\/revisions"}],"predecessor-version":[{"id":447,"href":"https:\/\/bam.bthstudent.se\/en\/wp-json\/wp\/v2\/pages\/23\/revisions\/447"}],"wp:attachment":[{"href":"https:\/\/bam.bthstudent.se\/en\/wp-json\/wp\/v2\/media?parent=23"}],"curies":[{"name":"wp","href":"https:\/\/api.w.org\/{rel}","templated":true}]}}